{"id":6234,"date":"2024-07-30T07:35:23","date_gmt":"2024-07-30T07:35:23","guid":{"rendered":"https:\/\/groc-restaurant.cat\/carrito\/"},"modified":"2024-08-09T09:28:03","modified_gmt":"2024-08-09T09:28:03","slug":"carrito","status":"publish","type":"page","link":"https:\/\/groc-restaurant.cat\/es\/carrito\/","title":{"rendered":"Carrito"},"content":{"rendered":"<div data-block-name=\"woocommerce\/cart\" class=\"wp-block-woocommerce-cart alignwide is-loading\"><div data-block-name=\"woocommerce\/filled-cart-block\" class=\"wp-block-woocommerce-filled-cart-block\"><div data-block-name=\"woocommerce\/cart-items-block\" class=\"wp-block-woocommerce-cart-items-block\"><div data-block-name=\"woocommerce\/cart-line-items-block\" class=\"wp-block-woocommerce-cart-line-items-block\"><\/div>\n\n<div data-block-name=\"woocommerce\/cart-cross-sells-block\" class=\"wp-block-woocommerce-cart-cross-sells-block\">\n<h2 class=\"wp-block-heading has-large-font-size\">Puede que te interese\u2026<\/h2>\n\n\n<div data-block-name=\"woocommerce\/cart-cross-sells-products-block\" class=\"wp-block-woocommerce-cart-cross-sells-products-block\"><\/div><\/div><\/div>\n\n<div data-block-name=\"woocommerce\/cart-totals-block\" class=\"wp-block-woocommerce-cart-totals-block\"><div data-block-name=\"woocommerce\/cart-order-summary-block\" class=\"wp-block-woocommerce-cart-order-summary-block\"><div data-block-name=\"woocommerce\/cart-order-summary-heading-block\" class=\"wp-block-woocommerce-cart-order-summary-heading-block\"><\/div><div data-block-name=\"woocommerce\/cart-order-summary-coupon-form-block\" class=\"wp-block-woocommerce-cart-order-summary-coupon-form-block\"><\/div><div data-block-name=\"woocommerce\/cart-order-summary-totals-block\" class=\"wp-block-woocommerce-cart-order-summary-totals-block\">\n<div data-block-name=\"woocommerce\/cart-order-summary-subtotal-block\" class=\"wp-block-woocommerce-cart-order-summary-subtotal-block\"><\/div>\n<div data-block-name=\"woocommerce\/cart-order-summary-discount-block\" class=\"wp-block-woocommerce-cart-order-summary-discount-block\"><\/div>\n<div data-block-name=\"woocommerce\/cart-order-summary-fee-block\" class=\"wp-block-woocommerce-cart-order-summary-fee-block\"><\/div>\n<div data-block-name=\"woocommerce\/cart-order-summary-shipping-block\" class=\"wp-block-woocommerce-cart-order-summary-shipping-block\"><\/div>\n<div data-block-name=\"woocommerce\/cart-order-summary-taxes-block\" class=\"wp-block-woocommerce-cart-order-summary-taxes-block\"><\/div><\/div><\/div>\n\n<div data-block-name=\"woocommerce\/cart-express-payment-block\" class=\"wp-block-woocommerce-cart-express-payment-block\"><\/div>\n\n<div data-block-name=\"woocommerce\/proceed-to-checkout-block\" class=\"wp-block-woocommerce-proceed-to-checkout-block\"><\/div>\n\n<div data-block-name=\"woocommerce\/cart-accepted-payment-methods-block\" class=\"wp-block-woocommerce-cart-accepted-payment-methods-block\"><\/div><\/div><\/div>\n\n<div data-block-name=\"woocommerce\/empty-cart-block\" class=\"wp-block-woocommerce-empty-cart-block\">\n<h2 class=\"wp-block-heading has-text-align-center with-empty-cart-icon wc-block-cart__empty-cart__title\">\u00a1T\u00fa carrito est\u00e1 actualmente vac\u00edo!<\/h2>\n\n\n\n<hr class=\"wp-block-separator has-alpha-channel-opacity is-style-dots\"\/>\n\n\n\n<h2 class=\"wp-block-heading has-text-align-center\">Nuevo en la tienda<\/h2>\n\n\n<div data-block-name=\"woocommerce\/product-new\" data-columns=\"4\" data-rows=\"1\" class=\"wc-block-grid wp-block-product-new wc-block-product-new has-4-columns\"><ul class=\"wc-block-grid__products\"><li class=\"wc-block-grid__product\">\n\t\t\t\t<a href=\"https:\/\/groc-restaurant.cat\/es\/producto\/brownie\/\" class=\"wc-block-grid__product-link\">\n\t\t\t\t\t\n\t\t\t\t\t<div class=\"wc-block-grid__product-image\"><img loading=\"lazy\" decoding=\"async\" width=\"60\" height=\"60\" src=\"https:\/\/groc-restaurant.cat\/wp-content\/uploads\/woocommerce-placeholder-center-top-60x60.png\" class=\"woocommerce-placeholder wp-post-image\" alt=\"\" srcset=\"https:\/\/groc-restaurant.cat\/wp-content\/uploads\/woocommerce-placeholder-center-top-60x60.png 60w, https:\/\/groc-restaurant.cat\/wp-content\/uploads\/woocommerce-placeholder-300x300.png 300w, https:\/\/groc-restaurant.cat\/wp-content\/uploads\/woocommerce-placeholder-1024x1024.png 1024w, https:\/\/groc-restaurant.cat\/wp-content\/uploads\/woocommerce-placeholder-150x150.png 150w, https:\/\/groc-restaurant.cat\/wp-content\/uploads\/woocommerce-placeholder-768x768.png 768w, https:\/\/groc-restaurant.cat\/wp-content\/uploads\/woocommerce-placeholder-700x700.png 700w, https:\/\/groc-restaurant.cat\/wp-content\/uploads\/woocommerce-placeholder.png 1200w\" sizes=\"(max-width: 60px) 100vw, 60px\" \/><\/div>\n\t\t\t\t\t<div class=\"wc-block-grid__product-title\">Brownie<\/div>\n\t\t\t\t<\/a>\n\t\t\t\t<div class=\"wc-block-grid__product-price price\"><span class=\"woocommerce-Price-amount amount\">7.50<span class=\"woocommerce-Price-currencySymbol\">&euro;<\/span><\/span><\/div>\n\t\t\t\t\n\t\t\t\t<div class=\"wp-block-button wc-block-grid__product-add-to-cart\"><a href=\"?add-to-cart=6030\" aria-label=\"A\u00f1adir al carrito: &ldquo;Brownie&rdquo;\" data-quantity=\"1\" data-product_id=\"6030\" data-product_sku=\"\" data-price=\"7.5\" rel=\"nofollow\" class=\"wp-block-button__link  add_to_cart_button ajax_add_to_cart\">A\u00f1adir al carrito<\/a><\/div>\n\t\t\t<\/li><li class=\"wc-block-grid__product\">\n\t\t\t\t<a href=\"https:\/\/groc-restaurant.cat\/es\/producto\/torrija\/\" class=\"wc-block-grid__product-link\">\n\t\t\t\t\t\n\t\t\t\t\t<div class=\"wc-block-grid__product-image\"><img loading=\"lazy\" decoding=\"async\" width=\"60\" height=\"60\" src=\"https:\/\/groc-restaurant.cat\/wp-content\/uploads\/woocommerce-placeholder-center-top-60x60.png\" class=\"woocommerce-placeholder wp-post-image\" alt=\"\" srcset=\"https:\/\/groc-restaurant.cat\/wp-content\/uploads\/woocommerce-placeholder-center-top-60x60.png 60w, https:\/\/groc-restaurant.cat\/wp-content\/uploads\/woocommerce-placeholder-300x300.png 300w, https:\/\/groc-restaurant.cat\/wp-content\/uploads\/woocommerce-placeholder-1024x1024.png 1024w, https:\/\/groc-restaurant.cat\/wp-content\/uploads\/woocommerce-placeholder-150x150.png 150w, https:\/\/groc-restaurant.cat\/wp-content\/uploads\/woocommerce-placeholder-768x768.png 768w, https:\/\/groc-restaurant.cat\/wp-content\/uploads\/woocommerce-placeholder-700x700.png 700w, https:\/\/groc-restaurant.cat\/wp-content\/uploads\/woocommerce-placeholder.png 1200w\" sizes=\"(max-width: 60px) 100vw, 60px\" \/><\/div>\n\t\t\t\t\t<div class=\"wc-block-grid__product-title\">Torrija<\/div>\n\t\t\t\t<\/a>\n\t\t\t\t<div class=\"wc-block-grid__product-price price\"><span class=\"woocommerce-Price-amount amount\">8.00<span class=\"woocommerce-Price-currencySymbol\">&euro;<\/span><\/span><\/div>\n\t\t\t\t\n\t\t\t\t<div class=\"wp-block-button wc-block-grid__product-add-to-cart\"><a href=\"?add-to-cart=6029\" aria-label=\"A\u00f1adir al carrito: &ldquo;Torrija&rdquo;\" data-quantity=\"1\" data-product_id=\"6029\" data-product_sku=\"\" data-price=\"8\" rel=\"nofollow\" class=\"wp-block-button__link  add_to_cart_button ajax_add_to_cart\">A\u00f1adir al carrito<\/a><\/div>\n\t\t\t<\/li><li class=\"wc-block-grid__product\">\n\t\t\t\t<a href=\"https:\/\/groc-restaurant.cat\/es\/producto\/cheese-cake\/\" class=\"wc-block-grid__product-link\">\n\t\t\t\t\t\n\t\t\t\t\t<div class=\"wc-block-grid__product-image\"><img loading=\"lazy\" decoding=\"async\" width=\"60\" height=\"60\" src=\"https:\/\/groc-restaurant.cat\/wp-content\/uploads\/woocommerce-placeholder-center-top-60x60.png\" class=\"woocommerce-placeholder wp-post-image\" alt=\"\" srcset=\"https:\/\/groc-restaurant.cat\/wp-content\/uploads\/woocommerce-placeholder-center-top-60x60.png 60w, https:\/\/groc-restaurant.cat\/wp-content\/uploads\/woocommerce-placeholder-300x300.png 300w, https:\/\/groc-restaurant.cat\/wp-content\/uploads\/woocommerce-placeholder-1024x1024.png 1024w, https:\/\/groc-restaurant.cat\/wp-content\/uploads\/woocommerce-placeholder-150x150.png 150w, https:\/\/groc-restaurant.cat\/wp-content\/uploads\/woocommerce-placeholder-768x768.png 768w, https:\/\/groc-restaurant.cat\/wp-content\/uploads\/woocommerce-placeholder-700x700.png 700w, https:\/\/groc-restaurant.cat\/wp-content\/uploads\/woocommerce-placeholder.png 1200w\" sizes=\"(max-width: 60px) 100vw, 60px\" \/><\/div>\n\t\t\t\t\t<div class=\"wc-block-grid__product-title\">Cheese Cake<\/div>\n\t\t\t\t<\/a>\n\t\t\t\t<div class=\"wc-block-grid__product-price price\"><span class=\"woocommerce-Price-amount amount\">6.50<span class=\"woocommerce-Price-currencySymbol\">&euro;<\/span><\/span><\/div>\n\t\t\t\t\n\t\t\t\t<div class=\"wp-block-button wc-block-grid__product-add-to-cart\"><a href=\"?add-to-cart=6028\" aria-label=\"A\u00f1adir al carrito: &ldquo;Cheese Cake&rdquo;\" data-quantity=\"1\" data-product_id=\"6028\" data-product_sku=\"\" data-price=\"6.5\" rel=\"nofollow\" class=\"wp-block-button__link  add_to_cart_button ajax_add_to_cart\">A\u00f1adir al carrito<\/a><\/div>\n\t\t\t<\/li><li class=\"wc-block-grid__product\">\n\t\t\t\t<a href=\"https:\/\/groc-restaurant.cat\/es\/producto\/macedonia-fruta\/\" class=\"wc-block-grid__product-link\">\n\t\t\t\t\t\n\t\t\t\t\t<div class=\"wc-block-grid__product-image\"><img loading=\"lazy\" decoding=\"async\" width=\"60\" height=\"60\" src=\"https:\/\/groc-restaurant.cat\/wp-content\/uploads\/woocommerce-placeholder-center-top-60x60.png\" class=\"woocommerce-placeholder wp-post-image\" alt=\"\" srcset=\"https:\/\/groc-restaurant.cat\/wp-content\/uploads\/woocommerce-placeholder-center-top-60x60.png 60w, https:\/\/groc-restaurant.cat\/wp-content\/uploads\/woocommerce-placeholder-300x300.png 300w, https:\/\/groc-restaurant.cat\/wp-content\/uploads\/woocommerce-placeholder-1024x1024.png 1024w, https:\/\/groc-restaurant.cat\/wp-content\/uploads\/woocommerce-placeholder-150x150.png 150w, https:\/\/groc-restaurant.cat\/wp-content\/uploads\/woocommerce-placeholder-768x768.png 768w, https:\/\/groc-restaurant.cat\/wp-content\/uploads\/woocommerce-placeholder-700x700.png 700w, https:\/\/groc-restaurant.cat\/wp-content\/uploads\/woocommerce-placeholder.png 1200w\" sizes=\"(max-width: 60px) 100vw, 60px\" \/><\/div>\n\t\t\t\t\t<div class=\"wc-block-grid__product-title\">Macedonia Fruta<\/div>\n\t\t\t\t<\/a>\n\t\t\t\t<div class=\"wc-block-grid__product-price price\"><span class=\"woocommerce-Price-amount amount\">6.00<span class=\"woocommerce-Price-currencySymbol\">&euro;<\/span><\/span><\/div>\n\t\t\t\t\n\t\t\t\t<div class=\"wp-block-button wc-block-grid__product-add-to-cart\"><a href=\"?add-to-cart=6027\" aria-label=\"A\u00f1adir al carrito: &ldquo;Macedonia Fruta&rdquo;\" data-quantity=\"1\" data-product_id=\"6027\" data-product_sku=\"\" data-price=\"6\" rel=\"nofollow\" class=\"wp-block-button__link  add_to_cart_button ajax_add_to_cart\">A\u00f1adir al carrito<\/a><\/div>\n\t\t\t<\/li><\/ul><\/div><\/div><\/div>","protected":false},"excerpt":{"rendered":"Puede que te interese\u2026 \u00a1T\u00fa carrito est\u00e1 actualmente vac\u00edo! Nuevo en la tienda","protected":false},"author":1,"featured_media":0,"parent":0,"menu_order":0,"comment_status":"closed","ping_status":"closed","template":"","meta":{"footnotes":""},"class_list":["post-6234","page","type-page","status-publish","hentry","entry","no-media"],"yoast_head":"<!-- This site is optimized with the Yoast SEO plugin v23.1 - https:\/\/yoast.com\/wordpress\/plugins\/seo\/ -->\n<title>Carrito - Groc Restaurant<\/title>\n<meta name=\"robots\" content=\"index, follow, max-snippet:-1, max-image-preview:large, max-video-preview:-1\" \/>\n<link rel=\"canonical\" href=\"https:\/\/groc-restaurant.cat\/es\/carrito\/\" \/>\n<meta property=\"og:locale\" content=\"es_ES\" \/>\n<meta property=\"og:type\" content=\"article\" \/>\n<meta property=\"og:title\" content=\"Carrito - Groc Restaurant\" \/>\n<meta property=\"og:url\" content=\"https:\/\/groc-restaurant.cat\/es\/carrito\/\" \/>\n<meta property=\"og:site_name\" content=\"Groc Restaurant\" \/>\n<meta property=\"article:modified_time\" content=\"2024-08-09T09:28:03+00:00\" \/>\n<meta name=\"twitter:card\" content=\"summary_large_image\" \/>\n<script type=\"application\/ld+json\" class=\"yoast-schema-graph\">{\"@context\":\"https:\/\/schema.org\",\"@graph\":[{\"@type\":\"WebPage\",\"@id\":\"https:\/\/groc-restaurant.cat\/es\/carrito\/\",\"url\":\"https:\/\/groc-restaurant.cat\/es\/carrito\/\",\"name\":\"Carrito - Groc Restaurant\",\"isPartOf\":{\"@id\":\"https:\/\/groc-restaurant.cat\/#website\"},\"datePublished\":\"2024-07-30T07:35:23+00:00\",\"dateModified\":\"2024-08-09T09:28:03+00:00\",\"breadcrumb\":{\"@id\":\"https:\/\/groc-restaurant.cat\/es\/carrito\/#breadcrumb\"},\"inLanguage\":\"es\",\"potentialAction\":[{\"@type\":\"ReadAction\",\"target\":[\"https:\/\/groc-restaurant.cat\/es\/carrito\/\"]}]},{\"@type\":\"BreadcrumbList\",\"@id\":\"https:\/\/groc-restaurant.cat\/es\/carrito\/#breadcrumb\",\"itemListElement\":[{\"@type\":\"ListItem\",\"position\":1,\"name\":\"Home\",\"item\":\"https:\/\/groc-restaurant.cat\/es\/\"},{\"@type\":\"ListItem\",\"position\":2,\"name\":\"Carrito\"}]},{\"@type\":\"WebSite\",\"@id\":\"https:\/\/groc-restaurant.cat\/#website\",\"url\":\"https:\/\/groc-restaurant.cat\/\",\"name\":\"Groc Restaurant\",\"description\":\"Cetrex new project\",\"publisher\":{\"@id\":\"https:\/\/groc-restaurant.cat\/#organization\"},\"potentialAction\":[{\"@type\":\"SearchAction\",\"target\":{\"@type\":\"EntryPoint\",\"urlTemplate\":\"https:\/\/groc-restaurant.cat\/?s={search_term_string}\"},\"query-input\":\"required name=search_term_string\"}],\"inLanguage\":\"es\"},{\"@type\":\"Organization\",\"@id\":\"https:\/\/groc-restaurant.cat\/#organization\",\"name\":\"Groc Restaurant\",\"url\":\"https:\/\/groc-restaurant.cat\/\",\"logo\":{\"@type\":\"ImageObject\",\"inLanguage\":\"es\",\"@id\":\"https:\/\/groc-restaurant.cat\/#\/schema\/logo\/image\/\",\"url\":\"https:\/\/groc-restaurant.cat\/wp-content\/uploads\/2024\/07\/logo-blanc.png\",\"contentUrl\":\"https:\/\/groc-restaurant.cat\/wp-content\/uploads\/2024\/07\/logo-blanc.png\",\"width\":1332,\"height\":550,\"caption\":\"Groc Restaurant\"},\"image\":{\"@id\":\"https:\/\/groc-restaurant.cat\/#\/schema\/logo\/image\/\"}}]}<\/script>\n<!-- \/ Yoast SEO plugin. -->","yoast_head_json":{"title":"Carrito - Groc Restaurant","robots":{"index":"index","follow":"follow","max-snippet":"max-snippet:-1","max-image-preview":"max-image-preview:large","max-video-preview":"max-video-preview:-1"},"canonical":"https:\/\/groc-restaurant.cat\/es\/carrito\/","og_locale":"es_ES","og_type":"article","og_title":"Carrito - Groc Restaurant","og_url":"https:\/\/groc-restaurant.cat\/es\/carrito\/","og_site_name":"Groc Restaurant","article_modified_time":"2024-08-09T09:28:03+00:00","twitter_card":"summary_large_image","schema":{"@context":"https:\/\/schema.org","@graph":[{"@type":"WebPage","@id":"https:\/\/groc-restaurant.cat\/es\/carrito\/","url":"https:\/\/groc-restaurant.cat\/es\/carrito\/","name":"Carrito - Groc Restaurant","isPartOf":{"@id":"https:\/\/groc-restaurant.cat\/#website"},"datePublished":"2024-07-30T07:35:23+00:00","dateModified":"2024-08-09T09:28:03+00:00","breadcrumb":{"@id":"https:\/\/groc-restaurant.cat\/es\/carrito\/#breadcrumb"},"inLanguage":"es","potentialAction":[{"@type":"ReadAction","target":["https:\/\/groc-restaurant.cat\/es\/carrito\/"]}]},{"@type":"BreadcrumbList","@id":"https:\/\/groc-restaurant.cat\/es\/carrito\/#breadcrumb","itemListElement":[{"@type":"ListItem","position":1,"name":"Home","item":"https:\/\/groc-restaurant.cat\/es\/"},{"@type":"ListItem","position":2,"name":"Carrito"}]},{"@type":"WebSite","@id":"https:\/\/groc-restaurant.cat\/#website","url":"https:\/\/groc-restaurant.cat\/","name":"Groc Restaurant","description":"Cetrex new project","publisher":{"@id":"https:\/\/groc-restaurant.cat\/#organization"},"potentialAction":[{"@type":"SearchAction","target":{"@type":"EntryPoint","urlTemplate":"https:\/\/groc-restaurant.cat\/?s={search_term_string}"},"query-input":"required name=search_term_string"}],"inLanguage":"es"},{"@type":"Organization","@id":"https:\/\/groc-restaurant.cat\/#organization","name":"Groc Restaurant","url":"https:\/\/groc-restaurant.cat\/","logo":{"@type":"ImageObject","inLanguage":"es","@id":"https:\/\/groc-restaurant.cat\/#\/schema\/logo\/image\/","url":"https:\/\/groc-restaurant.cat\/wp-content\/uploads\/2024\/07\/logo-blanc.png","contentUrl":"https:\/\/groc-restaurant.cat\/wp-content\/uploads\/2024\/07\/logo-blanc.png","width":1332,"height":550,"caption":"Groc Restaurant"},"image":{"@id":"https:\/\/groc-restaurant.cat\/#\/schema\/logo\/image\/"}}]}},"_links":{"self":[{"href":"https:\/\/groc-restaurant.cat\/es\/wp-json\/wp\/v2\/pages\/6234"}],"collection":[{"href":"https:\/\/groc-restaurant.cat\/es\/wp-json\/wp\/v2\/pages"}],"about":[{"href":"https:\/\/groc-restaurant.cat\/es\/wp-json\/wp\/v2\/types\/page"}],"author":[{"embeddable":true,"href":"https:\/\/groc-restaurant.cat\/es\/wp-json\/wp\/v2\/users\/1"}],"replies":[{"embeddable":true,"href":"https:\/\/groc-restaurant.cat\/es\/wp-json\/wp\/v2\/comments?post=6234"}],"version-history":[{"count":3,"href":"https:\/\/groc-restaurant.cat\/es\/wp-json\/wp\/v2\/pages\/6234\/revisions"}],"predecessor-version":[{"id":6239,"href":"https:\/\/groc-restaurant.cat\/es\/wp-json\/wp\/v2\/pages\/6234\/revisions\/6239"}],"wp:attachment":[{"href":"https:\/\/groc-restaurant.cat\/es\/wp-json\/wp\/v2\/media?parent=6234"}],"curies":[{"name":"wp","href":"https:\/\/api.w.org\/{rel}","templated":true}]}}