{"id":6245,"date":"2024-07-19T07:52:10","date_gmt":"2024-07-19T07:52:10","guid":{"rendered":"https:\/\/groc-restaurant.cat\/restaurante-en-la-rambla-de-badalona\/"},"modified":"2024-08-09T09:40:03","modified_gmt":"2024-08-09T09:40:03","slug":"restaurante-en-la-rambla-de-badalona","status":"publish","type":"page","link":"https:\/\/groc-restaurant.cat\/es\/restaurante-en-la-rambla-de-badalona\/","title":{"rendered":"Restaurante en la Rambla de Badalona"},"content":{"rendered":"<div class=\"wpb-content-wrapper\">[vc_row css_animation=\u00bbfadeInLeft\u00bb full_width=\u00bbstretch_row_content\u00bb content_placement=\u00bbmiddle\u00bb column_spacing=\u00bb0px\u00bb equal_height=\u00bbyes\u00bb remove_bottom_col_margin=\u00bbtrue\u00bb tablet_fullwidth_cols=\u00bbyes\u00bb min_height=\u00bb1000px\u00bb css=\u00bb.vc_custom_1720692016470{background-color: #ffff04 !important;}\u00bb][vc_column width=\u00bb1\/2&#8243; css=\u00bb.vc_custom_1720598046117{background-color: #ffff02 !important;}\u00bb el_class=\u00bbbanner-home\u00bb][vc_column_text css=\u00bb\u00bb font_size=\u00bbd:70px|tl:60px|tp:55px|pl:52px|pp:46px\u00bb width=\u00bb750px\u00bb font_family=\u00bbBebasNeue\u00bb]SE CONSIDERA <strong>GROC<\/strong> A AQUELLA PERSONA QUE ES ESPECIAL EN TU VIDA.[\/vc_column_text]<div class=\"vcex-spacing wpex-w-100 wpex-clear\" style=\"height:40px;\"><\/div><style>.vcex-heading.vcex_69e1ae313bf34{font-size:42px;font-weight:700;text-transform:uppercase;}<\/style><h1 class=\"vcex-heading vcex-heading-plain vcex-module wpex-heading wpex-text-2xl wpex-mb-15 vcex_69e1ae313bf34\"><span class=\"vcex-heading-inner wpex-inline-block\">Restaurante en la rambla de Babadalona<\/span><\/h1>[vc_column_text css=\u00bb\u00bb font_size=\u00bb22px\u00bb color=\u00bbon-accent\u00bb]Groc Restaurante frente al mar.[\/vc_column_text][\/vc_column][vc_column width=\u00bb1\/2&#8243; min_height=\u00bb800px\u00bb css=\u00bb.vc_custom_1721377854504{padding-top: 0px !important;padding-right: 0px !important;padding-bottom: 0px !important;padding-left: 0px !important;background-image: url(https:\/\/groc-restaurant.cat\/wp-content\/uploads\/2024\/07\/img-about-0.jpg?id=5731) !important;background-position: center !important;background-repeat: no-repeat !important;background-size: cover !important;}\u00bb][\/vc_column][\/vc_row][vc_section css_animation=\u00bbfadeInRight\u00bb full_width=\u00bbstretch_row_content\u00bb css=\u00bb.vc_custom_1720692855044{padding-top: 100px !important;padding-bottom: 100px !important;}\u00bb][vc_row content_placement=\u00bbmiddle\u00bb remove_bottom_col_margin=\u00bbtrue\u00bb tablet_fullwidth_cols=\u00bbyes\u00bb][vc_column width=\u00bb1\/2&#8243; el_class=\u00bbbanner-home\u00bb]<style>.vcex-heading.vcex_69e1ae313d0d7{font-size:42px;font-family:BebasNeue;font-weight:500;}<\/style><h3 class=\"vcex-heading vcex-heading-plain vcex-module wpex-heading wpex-text-2xl wpex-mb-15 vcex_69e1ae313d0d7\"><span class=\"vcex-heading-inner wpex-inline-block\"><strong>Tapas, Cocina Mediterr\u00e1nea y Platos de Temporada<\/strong><\/span><\/h3>[vc_column_text css=\u00bb\u00bb font_size=\u00bb20px\u00bb color=\u00bbon-accent\u00bb]En el <strong>GROC Restaurant<\/strong> , nuestro compromiso es ofrecerle una experiencia culinaria memorable. Desde las deliciosas tapas hasta los suculentos platos de cocina mediterr\u00e1nea de temporada, como arroces y hamburguesas, cada plato est\u00e1 preparado con dedicaci\u00f3n y pasi\u00f3n. Destacando entre todos, nuestras patatas bravas, servidas con dos salsas aparte, son una aut\u00e9ntica delicia. Adem\u00e1s, tenemos una amplia gama de opciones sin gluten, perfectas para aquellos con necesidades diet\u00e9ticas especiales.[\/vc_column_text]<div class=\"vcex-spacing wpex-w-100 wpex-clear\"><\/div>[\/vc_column][vc_column width=\u00bb1\/2&#8243;]<div class=\"vcex-image-grid-wrap wpex-clr\"><div class=\"vcex-module vcex-image-grid grid-style-default wpex-row wpex-clr wpex-lightbox-group\"><div class=\"id-5715 vcex-image-grid-entry vcex-grid-item textcenter span_1_of_2 col col-1\"><figure class=\"vcex-image-grid-entry-figure wpex-last-mb-0 wpex-clr\"><div class=\"vcex-image-grid-entry-img entry-media wpex-image-hover grow wpex-mb-20\"><a href=\"https:\/\/groc-restaurant.cat\/wp-content\/uploads\/2024\/07\/img-about-1.jpg\" class=\"vcex-image-grid-entry-link wpex-lightbox-group-item\" ><img width=\"1200\" height=\"1500\" src=\"https:\/\/groc-restaurant.cat\/wp-content\/uploads\/2024\/07\/img-about-1.jpg\" class=\"wpex-align-middle\" alt=\"\" loading=\"lazy\" decoding=\"async\" srcset=\"https:\/\/groc-restaurant.cat\/wp-content\/uploads\/2024\/07\/img-about-1.jpg 1200w, https:\/\/groc-restaurant.cat\/wp-content\/uploads\/2024\/07\/img-about-1-240x300.jpg 240w, https:\/\/groc-restaurant.cat\/wp-content\/uploads\/2024\/07\/img-about-1-819x1024.jpg 819w, https:\/\/groc-restaurant.cat\/wp-content\/uploads\/2024\/07\/img-about-1-768x960.jpg 768w, https:\/\/groc-restaurant.cat\/wp-content\/uploads\/2024\/07\/img-about-1-600x750.jpg 600w\" sizes=\"(max-width: 1200px) 100vw, 1200px\" \/><\/a><\/div><\/figure><\/div><div class=\"id-5718 vcex-image-grid-entry vcex-grid-item textcenter span_1_of_2 col col-2\"><figure class=\"vcex-image-grid-entry-figure wpex-last-mb-0 wpex-clr\"><div class=\"vcex-image-grid-entry-img entry-media wpex-image-hover grow wpex-mb-20\"><a href=\"https:\/\/groc-restaurant.cat\/wp-content\/uploads\/2024\/07\/img-about-2.jpg\" class=\"vcex-image-grid-entry-link wpex-lightbox-group-item\" ><img width=\"1200\" height=\"1500\" src=\"https:\/\/groc-restaurant.cat\/wp-content\/uploads\/2024\/07\/img-about-2.jpg\" class=\"wpex-align-middle\" alt=\"\" loading=\"lazy\" decoding=\"async\" srcset=\"https:\/\/groc-restaurant.cat\/wp-content\/uploads\/2024\/07\/img-about-2.jpg 1200w, https:\/\/groc-restaurant.cat\/wp-content\/uploads\/2024\/07\/img-about-2-240x300.jpg 240w, https:\/\/groc-restaurant.cat\/wp-content\/uploads\/2024\/07\/img-about-2-819x1024.jpg 819w, https:\/\/groc-restaurant.cat\/wp-content\/uploads\/2024\/07\/img-about-2-768x960.jpg 768w, https:\/\/groc-restaurant.cat\/wp-content\/uploads\/2024\/07\/img-about-2-600x750.jpg 600w\" sizes=\"(max-width: 1200px) 100vw, 1200px\" \/><\/a><\/div><\/figure><\/div><\/div><\/div>[\/vc_column][\/vc_row][\/vc_section][vc_section css_animation=\u00bbfadeInLeft\u00bb full_width=\u00bbstretch_row_content\u00bb css=\u00bb.vc_custom_1720692048021{padding-top: 100px !important;padding-bottom: 100px !important;background-color: #ffff04 !important;}\u00bb][vc_row content_placement=\u00bbmiddle\u00bb remove_bottom_col_margin=\u00bbtrue\u00bb tablet_fullwidth_cols=\u00bbyes\u00bb max_width_custom=\u00bb1500px\u00bb][vc_column width=\u00bb1\/2&#8243; min_height=\u00bb450px\u00bb]<figure class=\"vcex-image vcex-module\"><div class=\"vcex-image-inner wpex-relative wpex-inline-block wpex-image-hover opacity\"><img width=\"1200\" height=\"1500\" src=\"https:\/\/groc-restaurant.cat\/wp-content\/uploads\/2024\/07\/img-about-3.jpg\" class=\"vcex-image-img wpex-align-middle\" alt=\"\" loading=\"lazy\" decoding=\"async\" srcset=\"https:\/\/groc-restaurant.cat\/wp-content\/uploads\/2024\/07\/img-about-3.jpg 1200w, https:\/\/groc-restaurant.cat\/wp-content\/uploads\/2024\/07\/img-about-3-240x300.jpg 240w, https:\/\/groc-restaurant.cat\/wp-content\/uploads\/2024\/07\/img-about-3-819x1024.jpg 819w, https:\/\/groc-restaurant.cat\/wp-content\/uploads\/2024\/07\/img-about-3-768x960.jpg 768w, https:\/\/groc-restaurant.cat\/wp-content\/uploads\/2024\/07\/img-about-3-600x750.jpg 600w\" sizes=\"(max-width: 1200px) 100vw, 1200px\" \/><\/div><\/figure>[\/vc_column][vc_column width=\u00bb1\/2&#8243; el_class=\u00bbbanner-home\u00bb]<style>.vcex-heading.vcex_69e1ae3145637{font-size:45px;font-family:BebasNeue;font-weight:500;text-transform:uppercase;}@media (max-width:1024px){.vcex-heading.vcex_69e1ae3145637{font-size:42px;}}@media (max-width:959px){.vcex-heading.vcex_69e1ae3145637{font-size:40px;}}@media (max-width:767px){.vcex-heading.vcex_69e1ae3145637{font-size:38px;}}@media (max-width:479px){.vcex-heading.vcex_69e1ae3145637{font-size:38px;}}<\/style><h3 class=\"vcex-heading vcex-heading-plain vcex-module wpex-heading wpex-text-2xl wpex-mb-15 vcex_69e1ae3145637\"><span class=\"vcex-heading-inner wpex-inline-block\"><strong>Los detalles que hacen la diferencia<\/strong><\/span><\/h3>[vc_column_text css=\u00bb\u00bb font_size=\u00bbd:20px|tl:19px|tp:18px|pl:18px|pp:20px\u00bb color=\u00bbon-accent\u00bb]En <strong>GROC Restaurante<\/strong> , la experiencia no s\u00f3lo consiste en comida deliciosa, sino tambi\u00e9n en sentirse especial. Nuestro equipo es algo m\u00e1s que un personal; son anfitriones comprometidos con hacer de su visita una experiencia inolvidable. Nuestros clientes nos eval\u00faan con 4 estrellas en Google, destacando nuestra amabilidad y atenci\u00f3n constante. Estamos aqu\u00ed para asegurarnos de que cada momento en nuestro restaurante sea agradable y memorable, con un servicio que refleja nuestra pasi\u00f3n por la hospitalidad.[\/vc_column_text]<div class=\"vcex-spacing wpex-w-100 wpex-clear\" style=\"height:35px;\"><\/div>[\/vc_column][\/vc_row][\/vc_section][vc_section css_animation=\u00bbfadeInRight\u00bb full_width=\u00bbstretch_row_content\u00bb css=\u00bb.vc_custom_1720692855044{padding-top: 100px !important;padding-bottom: 100px !important;}\u00bb][vc_row content_placement=\u00bbmiddle\u00bb remove_bottom_col_margin=\u00bbtrue\u00bb tablet_fullwidth_cols=\u00bbyes\u00bb][vc_column width=\u00bb1\/2&#8243; el_class=\u00bbbanner-home\u00bb]<style>.vcex-heading.vcex_69e1ae3146075{font-size:42px;font-family:BebasNeue;font-weight:500;}<\/style><h2 class=\"vcex-heading vcex-heading-plain vcex-module wpex-heading wpex-text-2xl wpex-mb-15 vcex_69e1ae3146075\"><span class=\"vcex-heading-inner wpex-inline-block\"><strong>Restaurante en la Rambla de Badalona, con una encantadora terraza junto al mar<\/strong><\/span><\/h2>[vc_column_text css=\u00bb\u00bb font_size=\u00bb20px\u00bb color=\u00bbon-accent\u00bb]Ubicado en la Rambla de Badalona, <strong>GROC Restaurante<\/strong> te invita a disfrutar de una terraza con vistas excepcionales al mar Mediterr\u00e1neo. Es el lugar perfecto para relajarse con una copa de verm\u00fa y nuestras deliciosas tapas mientras se disfruta de la brisa marina. Sea por un encuentro con amigos, una celebraci\u00f3n especial o simplemente para descubrir nuevas delicias culinarias, GROC Restaurant ofrece una experiencia gastron\u00f3mica \u00fanica que le invitamos a experimentar una vez m\u00e1s.[\/vc_column_text]<div class=\"vcex-spacing wpex-w-100 wpex-clear\"><\/div>[\/vc_column][vc_column width=\u00bb1\/2&#8243;]<div class=\"vcex-image-grid-wrap wpex-clr\"><div class=\"vcex-module vcex-image-grid grid-style-default wpex-row wpex-clr wpex-lightbox-group\"><div class=\"id-5724 vcex-image-grid-entry vcex-grid-item textcenter span_1_of_2 col col-1\"><figure class=\"vcex-image-grid-entry-figure wpex-last-mb-0 wpex-clr\"><div class=\"vcex-image-grid-entry-img entry-media wpex-image-hover grow wpex-mb-20\"><a href=\"https:\/\/groc-restaurant.cat\/wp-content\/uploads\/2024\/07\/img-about-4.jpg\" class=\"vcex-image-grid-entry-link wpex-lightbox-group-item\" ><img width=\"1200\" height=\"1500\" src=\"https:\/\/groc-restaurant.cat\/wp-content\/uploads\/2024\/07\/img-about-4.jpg\" class=\"wpex-align-middle\" alt=\"\" loading=\"lazy\" decoding=\"async\" srcset=\"https:\/\/groc-restaurant.cat\/wp-content\/uploads\/2024\/07\/img-about-4.jpg 1200w, https:\/\/groc-restaurant.cat\/wp-content\/uploads\/2024\/07\/img-about-4-240x300.jpg 240w, https:\/\/groc-restaurant.cat\/wp-content\/uploads\/2024\/07\/img-about-4-819x1024.jpg 819w, https:\/\/groc-restaurant.cat\/wp-content\/uploads\/2024\/07\/img-about-4-768x960.jpg 768w, https:\/\/groc-restaurant.cat\/wp-content\/uploads\/2024\/07\/img-about-4-600x750.jpg 600w\" sizes=\"(max-width: 1200px) 100vw, 1200px\" \/><\/a><\/div><\/figure><\/div><div class=\"id-5726 vcex-image-grid-entry vcex-grid-item textcenter span_1_of_2 col col-2\"><figure class=\"vcex-image-grid-entry-figure wpex-last-mb-0 wpex-clr\"><div class=\"vcex-image-grid-entry-img entry-media wpex-image-hover grow wpex-mb-20\"><a href=\"https:\/\/groc-restaurant.cat\/wp-content\/uploads\/2024\/07\/img-about-5.jpg\" class=\"vcex-image-grid-entry-link wpex-lightbox-group-item\" ><img width=\"1200\" height=\"1500\" src=\"https:\/\/groc-restaurant.cat\/wp-content\/uploads\/2024\/07\/img-about-5.jpg\" class=\"wpex-align-middle\" alt=\"\" loading=\"lazy\" decoding=\"async\" srcset=\"https:\/\/groc-restaurant.cat\/wp-content\/uploads\/2024\/07\/img-about-5.jpg 1200w, https:\/\/groc-restaurant.cat\/wp-content\/uploads\/2024\/07\/img-about-5-240x300.jpg 240w, https:\/\/groc-restaurant.cat\/wp-content\/uploads\/2024\/07\/img-about-5-819x1024.jpg 819w, https:\/\/groc-restaurant.cat\/wp-content\/uploads\/2024\/07\/img-about-5-768x960.jpg 768w, https:\/\/groc-restaurant.cat\/wp-content\/uploads\/2024\/07\/img-about-5-600x750.jpg 600w\" sizes=\"(max-width: 1200px) 100vw, 1200px\" \/><\/a><\/div><\/figure><\/div><\/div><\/div>[\/vc_column][\/vc_row][\/vc_section][vc_row css_animation=\u00bbfadeInUp\u00bb full_width=\u00bbstretch_row\u00bb parallax=\u00bbvcex_parallax\u00bb remove_bottom_col_margin=\u00bbtrue\u00bb css=\u00bb.vc_custom_1720692099802{padding-top: 70px !important;padding-bottom: 70px !important;background-color: #ffff04 !important;}\u00bb][vc_column]<style>.vcex-heading.vcex_69e1ae314ac3c{font-size:48px;font-family:BebasNeue;font-weight:500;text-transform:uppercase;}<\/style><h4 class=\"vcex-heading vcex-heading-plain vcex-module wpex-heading wpex-text-2xl wpex-mb-0 wpex-text-center vcex_69e1ae314ac3c\"><span class=\"vcex-heading-inner wpex-inline-block\"><strong>\u00bfNecesitas m\u00e1s informaci\u00f3n?<\/strong><\/span><\/h4>[vc_column_text text_align=\u00bbcenter\u00bb font_weight=\u00bb300&#8243; color=\u00bbon-accent\u00bb font_size=\u00bb18px\u00bb width=\u00bb750px\u00bb]Por cualquier duda puedes contactar con nosotros.[\/vc_column_text]<div class=\"vcex-spacing wpex-w-100 wpex-clear\"><\/div><div class=\"theme-button-wrap textcenter wpex-clr\"><a href=\"\/es\/restaurante-en-badalona\/\" class=\"vcex-button theme-button align-center inline\" style=\"background:var(--wpex-on-accent);color:var(--wpex-accent);font-size:19px;font-weight:400;\" data-wpex-hover='{&quot;background&quot;:&quot;var(--wpex-on-accent)&quot;,&quot;color&quot;:&quot;var(--wpex-accent)&quot;}' title=\"Purchase Total\"><span class=\"vcex-button-inner theme-button-inner\">Contacta con nosotros<span class=\"vcex-button-icon vcex-icon-wrap theme-button-icon-right\"><span class=\"ticon ticon-long-arrow-right\" aria-hidden=\"true\"><\/span><\/span><\/span><\/a><\/div> [\/vc_column][\/vc_row]\n<\/div>","protected":false},"excerpt":{"rendered":"<p>[vc_row css_animation=\u00bbfadeInLeft\u00bb full_width=\u00bbstretch_row_content\u00bb content_placement=\u00bbmiddle\u00bb column_spacing=\u00bb0px\u00bb equal_height=\u00bbyes\u00bb remove_bottom_col_margin=\u00bbtrue\u00bb tablet_fullwidth_cols=\u00bbyes\u00bb min_height=\u00bb1000px\u00bb css=\u00bb.vc_custom_1720692016470{background-color: #ffff04 !important;}\u00bb][vc_column width=\u00bb1\/2&#8243; css=\u00bb.vc_custom_1720598046117{background-color: #ffff02 !important;}\u00bb el_class=\u00bbbanner-home\u00bb][vc_column_text css=\u00bb\u00bb font_size=\u00bbd:70px|tl:60px|tp:55px|pl:52px|pp:46px\u00bb width=\u00bb750px\u00bb font_family=\u00bbBebasNeue\u00bb]SE CONSIDERA GROC A AQUELLA PERSONA QUE ES ESPECIAL EN TU VIDA.[\/vc_column_text][vc_column_text css=\u00bb\u00bb font_size=\u00bb22px\u00bb color=\u00bbon-accent\u00bb]Groc Restaurante frente al mar.[\/vc_column_text][\/vc_column][vc_column width=\u00bb1\/2&#8243; min_height=\u00bb800px\u00bb css=\u00bb.vc_custom_1721377854504{padding-top: 0px !important;padding-right: 0px !important;padding-bottom: 0px !important;padding-left: 0px !important;background-image: url(https:\/\/groc-restaurant.cat\/wp-content\/uploads\/2024\/07\/img-about-0.jpg?id=5731) !important;background-position: center !important;background-repeat: no-repeat&hellip;<\/p>\n","protected":false},"author":1,"featured_media":6123,"parent":0,"menu_order":0,"comment_status":"closed","ping_status":"closed","template":"","meta":{"footnotes":""},"class_list":["post-6245","page","type-page","status-publish","has-post-thumbnail","hentry","entry","no-media"],"yoast_head":"<!-- This site is optimized with the Yoast SEO plugin v23.1 - https:\/\/yoast.com\/wordpress\/plugins\/seo\/ -->\n<title>Restaurante en la Rambla de Badalona - Groc Restaurant<\/title>\n<meta name=\"description\" content=\"Restaurante en la Rambla de Badalona, con una encantadora terraza junto al mar. Le ofrecemos una experiencia culinaria memorable\" \/>\n<meta name=\"robots\" content=\"index, follow, max-snippet:-1, max-image-preview:large, max-video-preview:-1\" \/>\n<link rel=\"canonical\" href=\"https:\/\/groc-restaurant.cat\/es\/restaurante-en-la-rambla-de-badalona\/\" \/>\n<meta property=\"og:locale\" content=\"es_ES\" \/>\n<meta property=\"og:type\" content=\"article\" \/>\n<meta property=\"og:title\" content=\"Restaurante en la Rambla de Badalona - Groc Restaurant\" \/>\n<meta property=\"og:description\" content=\"Restaurante en la Rambla de Badalona, con una encantadora terraza junto al mar. Le ofrecemos una experiencia culinaria memorable\" \/>\n<meta property=\"og:url\" content=\"https:\/\/groc-restaurant.cat\/es\/restaurante-en-la-rambla-de-badalona\/\" \/>\n<meta property=\"og:site_name\" content=\"Groc Restaurant\" \/>\n<meta property=\"article:modified_time\" content=\"2024-08-09T09:40:03+00:00\" \/>\n<meta property=\"og:image\" content=\"https:\/\/groc-restaurant.cat\/wp-content\/uploads\/2024\/08\/Restaurant-a-la-rambla-de-badalona-Groc-Restaurant.png\" \/>\n\t<meta property=\"og:image:width\" content=\"512\" \/>\n\t<meta property=\"og:image:height\" content=\"512\" \/>\n\t<meta property=\"og:image:type\" content=\"image\/png\" \/>\n<meta name=\"twitter:card\" content=\"summary_large_image\" \/>\n<meta name=\"twitter:label1\" content=\"Tiempo de lectura\" \/>\n\t<meta name=\"twitter:data1\" content=\"3 minutos\" \/>\n<script type=\"application\/ld+json\" class=\"yoast-schema-graph\">{\"@context\":\"https:\/\/schema.org\",\"@graph\":[{\"@type\":\"WebPage\",\"@id\":\"https:\/\/groc-restaurant.cat\/es\/restaurante-en-la-rambla-de-badalona\/\",\"url\":\"https:\/\/groc-restaurant.cat\/es\/restaurante-en-la-rambla-de-badalona\/\",\"name\":\"Restaurante en la Rambla de Badalona - Groc Restaurant\",\"isPartOf\":{\"@id\":\"https:\/\/groc-restaurant.cat\/#website\"},\"primaryImageOfPage\":{\"@id\":\"https:\/\/groc-restaurant.cat\/es\/restaurante-en-la-rambla-de-badalona\/#primaryimage\"},\"image\":{\"@id\":\"https:\/\/groc-restaurant.cat\/es\/restaurante-en-la-rambla-de-badalona\/#primaryimage\"},\"thumbnailUrl\":\"https:\/\/groc-restaurant.cat\/wp-content\/uploads\/2024\/08\/Restaurant-a-la-rambla-de-badalona-Groc-Restaurant.png\",\"datePublished\":\"2024-07-19T07:52:10+00:00\",\"dateModified\":\"2024-08-09T09:40:03+00:00\",\"description\":\"Restaurante en la Rambla de Badalona, con una encantadora terraza junto al mar. Le ofrecemos una experiencia culinaria memorable\",\"breadcrumb\":{\"@id\":\"https:\/\/groc-restaurant.cat\/es\/restaurante-en-la-rambla-de-badalona\/#breadcrumb\"},\"inLanguage\":\"es\",\"potentialAction\":[{\"@type\":\"ReadAction\",\"target\":[\"https:\/\/groc-restaurant.cat\/es\/restaurante-en-la-rambla-de-badalona\/\"]}]},{\"@type\":\"ImageObject\",\"inLanguage\":\"es\",\"@id\":\"https:\/\/groc-restaurant.cat\/es\/restaurante-en-la-rambla-de-badalona\/#primaryimage\",\"url\":\"https:\/\/groc-restaurant.cat\/wp-content\/uploads\/2024\/08\/Restaurant-a-la-rambla-de-badalona-Groc-Restaurant.png\",\"contentUrl\":\"https:\/\/groc-restaurant.cat\/wp-content\/uploads\/2024\/08\/Restaurant-a-la-rambla-de-badalona-Groc-Restaurant.png\",\"width\":512,\"height\":512,\"caption\":\"Restaurant a la rambla de Badalona\"},{\"@type\":\"BreadcrumbList\",\"@id\":\"https:\/\/groc-restaurant.cat\/es\/restaurante-en-la-rambla-de-badalona\/#breadcrumb\",\"itemListElement\":[{\"@type\":\"ListItem\",\"position\":1,\"name\":\"Home\",\"item\":\"https:\/\/groc-restaurant.cat\/es\/\"},{\"@type\":\"ListItem\",\"position\":2,\"name\":\"Restaurante en la Rambla de Badalona\"}]},{\"@type\":\"WebSite\",\"@id\":\"https:\/\/groc-restaurant.cat\/#website\",\"url\":\"https:\/\/groc-restaurant.cat\/\",\"name\":\"Groc Restaurant\",\"description\":\"Cetrex new project\",\"publisher\":{\"@id\":\"https:\/\/groc-restaurant.cat\/#organization\"},\"potentialAction\":[{\"@type\":\"SearchAction\",\"target\":{\"@type\":\"EntryPoint\",\"urlTemplate\":\"https:\/\/groc-restaurant.cat\/?s={search_term_string}\"},\"query-input\":\"required name=search_term_string\"}],\"inLanguage\":\"es\"},{\"@type\":\"Organization\",\"@id\":\"https:\/\/groc-restaurant.cat\/#organization\",\"name\":\"Groc Restaurant\",\"url\":\"https:\/\/groc-restaurant.cat\/\",\"logo\":{\"@type\":\"ImageObject\",\"inLanguage\":\"es\",\"@id\":\"https:\/\/groc-restaurant.cat\/#\/schema\/logo\/image\/\",\"url\":\"https:\/\/groc-restaurant.cat\/wp-content\/uploads\/2024\/07\/logo-blanc.png\",\"contentUrl\":\"https:\/\/groc-restaurant.cat\/wp-content\/uploads\/2024\/07\/logo-blanc.png\",\"width\":1332,\"height\":550,\"caption\":\"Groc Restaurant\"},\"image\":{\"@id\":\"https:\/\/groc-restaurant.cat\/#\/schema\/logo\/image\/\"}}]}<\/script>\n<!-- \/ Yoast SEO plugin. -->","yoast_head_json":{"title":"Restaurante en la Rambla de Badalona - Groc Restaurant","description":"Restaurante en la Rambla de Badalona, con una encantadora terraza junto al mar. Le ofrecemos una experiencia culinaria memorable","robots":{"index":"index","follow":"follow","max-snippet":"max-snippet:-1","max-image-preview":"max-image-preview:large","max-video-preview":"max-video-preview:-1"},"canonical":"https:\/\/groc-restaurant.cat\/es\/restaurante-en-la-rambla-de-badalona\/","og_locale":"es_ES","og_type":"article","og_title":"Restaurante en la Rambla de Badalona - Groc Restaurant","og_description":"Restaurante en la Rambla de Badalona, con una encantadora terraza junto al mar. Le ofrecemos una experiencia culinaria memorable","og_url":"https:\/\/groc-restaurant.cat\/es\/restaurante-en-la-rambla-de-badalona\/","og_site_name":"Groc Restaurant","article_modified_time":"2024-08-09T09:40:03+00:00","og_image":[{"width":512,"height":512,"url":"https:\/\/groc-restaurant.cat\/wp-content\/uploads\/2024\/08\/Restaurant-a-la-rambla-de-badalona-Groc-Restaurant.png","type":"image\/png"}],"twitter_card":"summary_large_image","twitter_misc":{"Tiempo de lectura":"3 minutos"},"schema":{"@context":"https:\/\/schema.org","@graph":[{"@type":"WebPage","@id":"https:\/\/groc-restaurant.cat\/es\/restaurante-en-la-rambla-de-badalona\/","url":"https:\/\/groc-restaurant.cat\/es\/restaurante-en-la-rambla-de-badalona\/","name":"Restaurante en la Rambla de Badalona - Groc Restaurant","isPartOf":{"@id":"https:\/\/groc-restaurant.cat\/#website"},"primaryImageOfPage":{"@id":"https:\/\/groc-restaurant.cat\/es\/restaurante-en-la-rambla-de-badalona\/#primaryimage"},"image":{"@id":"https:\/\/groc-restaurant.cat\/es\/restaurante-en-la-rambla-de-badalona\/#primaryimage"},"thumbnailUrl":"https:\/\/groc-restaurant.cat\/wp-content\/uploads\/2024\/08\/Restaurant-a-la-rambla-de-badalona-Groc-Restaurant.png","datePublished":"2024-07-19T07:52:10+00:00","dateModified":"2024-08-09T09:40:03+00:00","description":"Restaurante en la Rambla de Badalona, con una encantadora terraza junto al mar. Le ofrecemos una experiencia culinaria memorable","breadcrumb":{"@id":"https:\/\/groc-restaurant.cat\/es\/restaurante-en-la-rambla-de-badalona\/#breadcrumb"},"inLanguage":"es","potentialAction":[{"@type":"ReadAction","target":["https:\/\/groc-restaurant.cat\/es\/restaurante-en-la-rambla-de-badalona\/"]}]},{"@type":"ImageObject","inLanguage":"es","@id":"https:\/\/groc-restaurant.cat\/es\/restaurante-en-la-rambla-de-badalona\/#primaryimage","url":"https:\/\/groc-restaurant.cat\/wp-content\/uploads\/2024\/08\/Restaurant-a-la-rambla-de-badalona-Groc-Restaurant.png","contentUrl":"https:\/\/groc-restaurant.cat\/wp-content\/uploads\/2024\/08\/Restaurant-a-la-rambla-de-badalona-Groc-Restaurant.png","width":512,"height":512,"caption":"Restaurant a la rambla de Badalona"},{"@type":"BreadcrumbList","@id":"https:\/\/groc-restaurant.cat\/es\/restaurante-en-la-rambla-de-badalona\/#breadcrumb","itemListElement":[{"@type":"ListItem","position":1,"name":"Home","item":"https:\/\/groc-restaurant.cat\/es\/"},{"@type":"ListItem","position":2,"name":"Restaurante en la Rambla de Badalona"}]},{"@type":"WebSite","@id":"https:\/\/groc-restaurant.cat\/#website","url":"https:\/\/groc-restaurant.cat\/","name":"Groc Restaurant","description":"Cetrex new project","publisher":{"@id":"https:\/\/groc-restaurant.cat\/#organization"},"potentialAction":[{"@type":"SearchAction","target":{"@type":"EntryPoint","urlTemplate":"https:\/\/groc-restaurant.cat\/?s={search_term_string}"},"query-input":"required name=search_term_string"}],"inLanguage":"es"},{"@type":"Organization","@id":"https:\/\/groc-restaurant.cat\/#organization","name":"Groc Restaurant","url":"https:\/\/groc-restaurant.cat\/","logo":{"@type":"ImageObject","inLanguage":"es","@id":"https:\/\/groc-restaurant.cat\/#\/schema\/logo\/image\/","url":"https:\/\/groc-restaurant.cat\/wp-content\/uploads\/2024\/07\/logo-blanc.png","contentUrl":"https:\/\/groc-restaurant.cat\/wp-content\/uploads\/2024\/07\/logo-blanc.png","width":1332,"height":550,"caption":"Groc Restaurant"},"image":{"@id":"https:\/\/groc-restaurant.cat\/#\/schema\/logo\/image\/"}}]}},"_links":{"self":[{"href":"https:\/\/groc-restaurant.cat\/es\/wp-json\/wp\/v2\/pages\/6245"}],"collection":[{"href":"https:\/\/groc-restaurant.cat\/es\/wp-json\/wp\/v2\/pages"}],"about":[{"href":"https:\/\/groc-restaurant.cat\/es\/wp-json\/wp\/v2\/types\/page"}],"author":[{"embeddable":true,"href":"https:\/\/groc-restaurant.cat\/es\/wp-json\/wp\/v2\/users\/1"}],"replies":[{"embeddable":true,"href":"https:\/\/groc-restaurant.cat\/es\/wp-json\/wp\/v2\/comments?post=6245"}],"version-history":[{"count":4,"href":"https:\/\/groc-restaurant.cat\/es\/wp-json\/wp\/v2\/pages\/6245\/revisions"}],"predecessor-version":[{"id":6260,"href":"https:\/\/groc-restaurant.cat\/es\/wp-json\/wp\/v2\/pages\/6245\/revisions\/6260"}],"wp:featuredmedia":[{"embeddable":true,"href":"https:\/\/groc-restaurant.cat\/es\/wp-json\/wp\/v2\/media\/6123"}],"wp:attachment":[{"href":"https:\/\/groc-restaurant.cat\/es\/wp-json\/wp\/v2\/media?parent=6245"}],"curies":[{"name":"wp","href":"https:\/\/api.w.org\/{rel}","templated":true}]}}